{"id":196,"date":"2024-10-27T18:20:00","date_gmt":"2024-10-27T18:20:00","guid":{"rendered":"https:\/\/lokalni.pl\/blog\/?page_id=196"},"modified":"2024-10-27T18:20:54","modified_gmt":"2024-10-27T18:20:54","slug":"rodo","status":"publish","type":"page","link":"https:\/\/lokalni.pl\/blog\/rodo","title":{"rendered":"RODO"},"content":{"rendered":"\n<div class=\"wp-block-columns is-layout-flex wp-container-core-columns-is-layout-9d6595d7 wp-block-columns-is-layout-flex\">\n<div class=\"wp-block-column is-layout-flow wp-block-column-is-layout-flow\"><\/div>\n\n\n\n<div class=\"wp-block-column is-layout-flow wp-block-column-is-layout-flow\">\n<p class=\"has-black-color has-white-background-color has-text-color has-background has-link-color has-small-font-size wp-elements-617256a735dc73dd1d47f519dd3e9d28\"><strong>INFORMACJA DOT. PRZETWARZANIA DANYCH OSOBOWYCH OBOWI\u0104ZEK INFORMACYJNY<\/strong><\/p>\n\n\n\n<p class=\"has-black-color has-white-background-color has-text-color has-background has-link-color has-small-font-size wp-elements-c89ddd43449949f598dc7972bc83a361\">1. Zgodnie z art. 13 i 14 rozporz\u0105dzenia Parlamentu Europejskiego i Rady (UE) 2016\/679 z dnia 27 kwietnia 2016 r. w sprawie ochrony os\u00f3b fizycznych w zwi\u0105zku z przetwarzaniem danych osobowych i w sprawie swobodnego przep\u0142ywu takich danych oraz uchylenia dyrektywy 95\/46\/WE (og\u00f3lne rozporz\u0105dzenie o ochronie danych) (Dz. Urz. UE L 119 z 04.05.2016, str. 1), dalej \u201eRODO\u201d informujemy, \u017ce administratorem Pa\u0144stwa danych osobowych (dalej jako: \u201eAdministrator&#8221;) jest Stowarzyszenie E-Po\u0142udnie, ul. Antoniego J\u00f3zefczaka 29\/40, 41-902 Bytom, NIP 6262925765, REGON 240927030, KRS 0000305459, tel.: 32 666-66-99, e-mail: biuro@e-poludnie.pl.<\/p>\n\n\n\n<p class=\"has-black-color has-white-background-color has-text-color has-background has-link-color has-small-font-size wp-elements-2269af315986ee50703c8589642e34c1\">2. We wszelkich sprawach zwi\u0105zanych z przetwarzaniem danych osobowych przez Administratora danych mo\u017cna uzyska\u0107 informacj\u0119, kontaktuj\u0105c si\u0119 z Inspektorem Ochrony Danych, Panem Marcinem Zem\u0142a w nast\u0119puj\u0105cych formach: przesy\u0142aj\u0105c wiadomo\u015b\u0107 na adres e-mail: marcin@informatics.jaworzno.pl lub telefonicznie pod numerem: 600991705 lub listownie i osobi\u015bcie pod adresem siedziby Administratora.<\/p>\n\n\n\n<p class=\"has-black-color has-white-background-color has-text-color has-background has-link-color has-small-font-size wp-elements-56c458915038b88911f7d025e6c08cc8\">3. Dane osobowe w zakresie imi\u0119, nazwisko, adres, adres e-mail, numer telefonu oraz ewentualne dane dobrowolnie uj\u0119te w tre\u015bci wiadomo\u015bci s\u0105 przetwarzane w celu odpowiedzi na Pa\u0144stwa zapytanie, wsparcia Pa\u0144stwa w obszarze interesuj\u0105cych Pa\u0144stwa us\u0142ug, w tym udost\u0119pnienia danych lokalnym operatorom telekomunikacyjnym \u015bwiadcz\u0105cym us\u0142ugi internetu, telefonu i telewizji, kt\u00f3rzy przygotuj\u0105 dla Pa\u0144stwa i przeka\u017c\u0105 Pa\u0144stwu najkorzystniejsze oferty us\u0142ug, kontaktu z Pa\u0144stwem, archiwizacji koniecznej dokumentacji oraz marketingu bezpo\u015bredniego.<\/p>\n\n\n\n<p class=\"has-black-color has-white-background-color has-text-color has-background has-link-color has-small-font-size wp-elements-3e8ab9d97d97f544176c56a7b55e37a8\">4. Podanie przez Pa\u0144stwa danych osobowych jest dobrowolne, jednak\u017ce niezb\u0119dne do udzielenia odpowiedzi na wiadomo\u015b\u0107 przes\u0142an\u0105 za po\u015brednictwem formularza. W przypadku marketingu bezpo\u015bredniego podanie danych jest dobrowolne, lecz niezb\u0119dne do przes\u0142ania Pa\u0144stwu aktualnych ofert marketingowych przez Administratora. Podstaw\u0105 podania danych jest Pa\u0144stwa dobrowolna zgoda na podstawie art. 6 ust. 1 lit a) RODO, art. 172 ustawy z dnia 16 lipca 2004 r. prawo telekomunikacyjne oraz art. 10 ust. 2 ustawy z dnia 18 lipca 2002 r. o \u015bwiadczeniu us\u0142ug drog\u0105 elektroniczn\u0105. Administrator przetwarza dane r\u00f3wnie\u017c w oparciu o art. 6 ust. 1 lit. f) RODO &#8211; przetwarzanie jest niezb\u0119dne do cel\u00f3w wynikaj\u0105cych z prawnie uzasadnionych interes\u00f3w realizowanych przez Administratora.<\/p>\n\n\n\n<p class=\"has-black-color has-white-background-color has-text-color has-background has-link-color has-small-font-size wp-elements-3661e324f0844fc1a43320e124d009e9\">5. Dane osobowe b\u0119d\u0105 przechowywane do momentu odwo\u0142ania zgody na przetwarzanie danych osobowych lub do momentu zako\u0144czenia korzystania z us\u0142ug Administratora tj. przekazania danych lokalnemu operatorowi telekomunikacyjnemu oraz zako\u0144czenia terminu z\u0142o\u017cenia mo\u017cliwej reklamacji lub do czasu wyra\u017cenia skutecznego sprzeciwu wobec przetwarzania danych osobowych, chyba \u017ce obowi\u0105zuj\u0105ce przepisy prawa, na kt\u00f3re powo\u0142a si\u0119 Administrator, stanowi\u0142yby inaczej.<\/p>\n\n\n\n<p class=\"has-black-color has-white-background-color has-text-color has-background has-link-color has-small-font-size wp-elements-1ac253f1fb4f22e58b1515c77bf11e7d\">6. Dost\u0119p do danych b\u0119d\u0105 mia\u0142y osoby pracuj\u0105ce i wsp\u00f3\u0142pracuj\u0105ce z Administratorem danych w zakresie obs\u0142ugi Portalu Lokalni.pl wspieraj\u0105cego i promuj\u0105cego dzia\u0142alno\u015b\u0107 ma\u0142ych i \u015brednich operator\u00f3w telekomunikacyjnych oraz inne podmioty realizuj\u0105ce us\u0142ugi prawne, finansowe, techniczne, informatyczne na rzecz Administratora \u2013 ka\u017cdorazowo b\u0119d\u0105 zawierane w\u00f3wczas umowy powierzenia. Pa\u0144stwa dane osobowe zostan\u0105 udost\u0119pnione lokalnym operatorom telekomunikacyjnym w celu przygotowania dla Pa\u0144stwa najkorzystniejszej oferty, na co wyra\u017caj\u0105 Pa\u0144stwo zgod\u0119, wysy\u0142aj\u0105c formularz. Ka\u017cdorazowo w\u00f3wczas lokalny operator telekomunikacyjny staje si\u0119 samodzielnym administratorem Pa\u0144stwa danych osobowych. Administrator po udost\u0119pnieniu Pa\u0144stwa danych osobowych lokalnemu operatorowi telekomunikacyjnemu nie odpowiada za przetwarzanie Pa\u0144stwa danych osobowych, ani za skuteczno\u015b\u0107 \u015brodk\u00f3w technicznych i organizacyjnych, kt\u00f3re w\/w operator wdro\u017cy\u0142 w ramach swojej organizacji w systemie ochrony danych osobowych. Dane w przypadkach \u015bci\u015ble okre\u015blonych przepisami prawa mog\u0105 zosta\u0107 ujawnione poprzez przes\u0142anie uprawnionym podmiotom.<\/p>\n\n\n\n<p class=\"has-black-color has-white-background-color has-text-color has-background has-link-color has-small-font-size wp-elements-6052091ad1247b80ba968eb39a4e249b\">7. Administrator danych nie zamierza przekazywa\u0107 danych poza obszar Europejskiego Obszaru Gospodarczego. Dane, je\u017celi b\u0119d\u0105 przetwarzane w spos\u00f3b zautomatyzowany, to tylko wy\u0142\u0105cznie na podstawie dobrowolnej zgody w\u0142a\u015bcicieli danych, w tym r\u00f3wnie\u017c profilowane.<\/p>\n\n\n\n<p class=\"has-black-color has-white-background-color has-text-color has-background has-link-color has-small-font-size wp-elements-95dde5cad6fc5f4534dc65598136925a\">8. Informujemy, \u017ce przys\u0142uguj\u0105 Pa\u0144stwu nast\u0119puj\u0105ce prawa dotycz\u0105ce danych osobowych: dost\u0119pu do danych osobowych, sprostowania lub uzupe\u0142niania danych osobowych, ograniczenia przetwarzania danych, usuni\u0119cia danych, o ile przepisy prawa nie obliguj\u0105 Administratora do ich dalszego przetwarzania, przeniesienia danych osobowych, prawo do cofni\u0119cia zgody w dowolnym momencie, gdy przetwarzanie danych odbywa si\u0119, w oparciu o wyra\u017con\u0105 zgod\u0119, wniesienia sprzeciwu wobec przetwarzania danych. Maj\u0105 Pa\u0144stwo r\u00f3wnie\u017c prawo wniesienia skargi do organu nadzorczego \u2013 Prezesa Urz\u0119du Ochrony Danych Osobowych, pod adresem: ul. Stawki 2, 00-193 Warszawa.<\/p>\n<\/div>\n\n\n\n<div class=\"wp-block-column is-layout-flow wp-block-column-is-layout-flow\"><\/div>\n<\/div>\n","protected":false},"excerpt":{"rendered":"<p>INFORMACJA DOT. PRZETWARZANIA DANYCH OSOBOWYCH OBOWI\u0104ZEK INFORMACYJNY 1. Zgodnie z art. 13 i 14 rozporz\u0105dzenia Parlamentu Europejskiego i Rady (UE) 2016\/679 z dnia 27 kwietnia 2016 r. w sprawie ochrony os\u00f3b fizycznych w zwi\u0105zku z przetwarzaniem danych osobowych i w sprawie swobodnego przep\u0142ywu takich danych oraz uchylenia dyrektywy 95\/46\/WE (og\u00f3lne rozporz\u0105dzenie o ochronie danych) (Dz. [&hellip;]<\/p>\n","protected":false},"author":1,"featured_media":0,"parent":0,"menu_order":0,"comment_status":"closed","ping_status":"closed","template":"","meta":{"footnotes":""},"class_list":["post-196","page","type-page","status-publish","hentry"],"yoast_head":"<!-- This site is optimized with the Yoast SEO plugin v27.3 - https:\/\/yoast.com\/product\/yoast-seo-wordpress\/ -->\n<title>RODO - Blog - artyku\u0142y i informacje internetowe i komunikacyjne z Polski i ze \u015bwiata - Lokalni.pl<\/title>\n<meta name=\"robots\" content=\"index, follow, max-snippet:-1, max-image-preview:large, max-video-preview:-1\" \/>\n<link rel=\"canonical\" href=\"https:\/\/lokalni.pl\/blog\/rodo\" \/>\n<meta property=\"og:locale\" content=\"pl_PL\" \/>\n<meta property=\"og:type\" content=\"article\" \/>\n<meta property=\"og:title\" content=\"RODO - Blog - artyku\u0142y i informacje internetowe i komunikacyjne z Polski i ze \u015bwiata - Lokalni.pl\" \/>\n<meta property=\"og:description\" content=\"INFORMACJA DOT. PRZETWARZANIA DANYCH OSOBOWYCH OBOWI\u0104ZEK INFORMACYJNY 1. Zgodnie z art. 13 i 14 rozporz\u0105dzenia Parlamentu Europejskiego i Rady (UE) 2016\/679 z dnia 27 kwietnia 2016 r. w sprawie ochrony os\u00f3b fizycznych w zwi\u0105zku z przetwarzaniem danych osobowych i w sprawie swobodnego przep\u0142ywu takich danych oraz uchylenia dyrektywy 95\/46\/WE (og\u00f3lne rozporz\u0105dzenie o ochronie danych) (Dz. [&hellip;]\" \/>\n<meta property=\"og:url\" content=\"https:\/\/lokalni.pl\/blog\/rodo\" \/>\n<meta property=\"og:site_name\" content=\"Blog - artyku\u0142y i informacje internetowe i komunikacyjne z Polski i ze \u015bwiata - Lokalni.pl\" \/>\n<meta property=\"article:publisher\" content=\"https:\/\/www.facebook.com\/LokalniInternetPoLudzku\" \/>\n<meta property=\"article:modified_time\" content=\"2024-10-27T18:20:54+00:00\" \/>\n<meta name=\"twitter:card\" content=\"summary_large_image\" \/>\n<meta name=\"twitter:label1\" content=\"Szacowany czas czytania\" \/>\n\t<meta name=\"twitter:data1\" content=\"4 minuty\" \/>\n<script type=\"application\/ld+json\" class=\"yoast-schema-graph\">{\"@context\":\"https:\\\/\\\/schema.org\",\"@graph\":[{\"@type\":\"WebPage\",\"@id\":\"https:\\\/\\\/lokalni.pl\\\/blog\\\/rodo\",\"url\":\"https:\\\/\\\/lokalni.pl\\\/blog\\\/rodo\",\"name\":\"RODO - Blog - artyku\u0142y i informacje internetowe i komunikacyjne z Polski i ze \u015bwiata - Lokalni.pl\",\"isPartOf\":{\"@id\":\"https:\\\/\\\/lokalni.pl\\\/blog\\\/#website\"},\"datePublished\":\"2024-10-27T18:20:00+00:00\",\"dateModified\":\"2024-10-27T18:20:54+00:00\",\"breadcrumb\":{\"@id\":\"https:\\\/\\\/lokalni.pl\\\/blog\\\/rodo#breadcrumb\"},\"inLanguage\":\"pl-PL\",\"potentialAction\":[{\"@type\":\"ReadAction\",\"target\":[\"https:\\\/\\\/lokalni.pl\\\/blog\\\/rodo\"]}]},{\"@type\":\"BreadcrumbList\",\"@id\":\"https:\\\/\\\/lokalni.pl\\\/blog\\\/rodo#breadcrumb\",\"itemListElement\":[{\"@type\":\"ListItem\",\"position\":1,\"name\":\"Blog\",\"item\":\"https:\\\/\\\/lokalni.pl\\\/blog\\\/\"},{\"@type\":\"ListItem\",\"position\":2,\"name\":\"RODO\"}]},{\"@type\":\"WebSite\",\"@id\":\"https:\\\/\\\/lokalni.pl\\\/blog\\\/#website\",\"url\":\"https:\\\/\\\/lokalni.pl\\\/blog\\\/\",\"name\":\"Blog - artyku\u0142y i informacje internetowe i komunikacyjne z Polski i ze \u015bwiata - Lokalni.pl\",\"description\":\"\",\"publisher\":{\"@id\":\"https:\\\/\\\/lokalni.pl\\\/blog\\\/#organization\"},\"potentialAction\":[{\"@type\":\"SearchAction\",\"target\":{\"@type\":\"EntryPoint\",\"urlTemplate\":\"https:\\\/\\\/lokalni.pl\\\/blog\\\/?s={search_term_string}\"},\"query-input\":{\"@type\":\"PropertyValueSpecification\",\"valueRequired\":true,\"valueName\":\"search_term_string\"}}],\"inLanguage\":\"pl-PL\"},{\"@type\":\"Organization\",\"@id\":\"https:\\\/\\\/lokalni.pl\\\/blog\\\/#organization\",\"name\":\"Blog - artyku\u0142y i informacje internetowe i komunikacyjne z Polski i ze \u015bwiata - Lokalni.pl\",\"url\":\"https:\\\/\\\/lokalni.pl\\\/blog\\\/\",\"logo\":{\"@type\":\"ImageObject\",\"inLanguage\":\"pl-PL\",\"@id\":\"https:\\\/\\\/lokalni.pl\\\/blog\\\/#\\\/schema\\\/logo\\\/image\\\/\",\"url\":\"https:\\\/\\\/lokalni.pl\\\/blog\\\/wp-content\\\/uploads\\\/2024\\\/06\\\/Logo.png\",\"contentUrl\":\"https:\\\/\\\/lokalni.pl\\\/blog\\\/wp-content\\\/uploads\\\/2024\\\/06\\\/Logo.png\",\"width\":172,\"height\":172,\"caption\":\"Blog - artyku\u0142y i informacje internetowe i komunikacyjne z Polski i ze \u015bwiata - Lokalni.pl\"},\"image\":{\"@id\":\"https:\\\/\\\/lokalni.pl\\\/blog\\\/#\\\/schema\\\/logo\\\/image\\\/\"},\"sameAs\":[\"https:\\\/\\\/www.facebook.com\\\/LokalniInternetPoLudzku\",\"https:\\\/\\\/www.instagram.com\\\/lokalni_internet\\\/\"]}]}<\/script>\n<!-- \/ Yoast SEO plugin. -->","yoast_head_json":{"title":"RODO - Blog - artyku\u0142y i informacje internetowe i komunikacyjne z Polski i ze \u015bwiata - Lokalni.pl","robots":{"index":"index","follow":"follow","max-snippet":"max-snippet:-1","max-image-preview":"max-image-preview:large","max-video-preview":"max-video-preview:-1"},"canonical":"https:\/\/lokalni.pl\/blog\/rodo","og_locale":"pl_PL","og_type":"article","og_title":"RODO - Blog - artyku\u0142y i informacje internetowe i komunikacyjne z Polski i ze \u015bwiata - Lokalni.pl","og_description":"INFORMACJA DOT. PRZETWARZANIA DANYCH OSOBOWYCH OBOWI\u0104ZEK INFORMACYJNY 1. Zgodnie z art. 13 i 14 rozporz\u0105dzenia Parlamentu Europejskiego i Rady (UE) 2016\/679 z dnia 27 kwietnia 2016 r. w sprawie ochrony os\u00f3b fizycznych w zwi\u0105zku z przetwarzaniem danych osobowych i w sprawie swobodnego przep\u0142ywu takich danych oraz uchylenia dyrektywy 95\/46\/WE (og\u00f3lne rozporz\u0105dzenie o ochronie danych) (Dz. [&hellip;]","og_url":"https:\/\/lokalni.pl\/blog\/rodo","og_site_name":"Blog - artyku\u0142y i informacje internetowe i komunikacyjne z Polski i ze \u015bwiata - Lokalni.pl","article_publisher":"https:\/\/www.facebook.com\/LokalniInternetPoLudzku","article_modified_time":"2024-10-27T18:20:54+00:00","twitter_card":"summary_large_image","twitter_misc":{"Szacowany czas czytania":"4 minuty"},"schema":{"@context":"https:\/\/schema.org","@graph":[{"@type":"WebPage","@id":"https:\/\/lokalni.pl\/blog\/rodo","url":"https:\/\/lokalni.pl\/blog\/rodo","name":"RODO - Blog - artyku\u0142y i informacje internetowe i komunikacyjne z Polski i ze \u015bwiata - Lokalni.pl","isPartOf":{"@id":"https:\/\/lokalni.pl\/blog\/#website"},"datePublished":"2024-10-27T18:20:00+00:00","dateModified":"2024-10-27T18:20:54+00:00","breadcrumb":{"@id":"https:\/\/lokalni.pl\/blog\/rodo#breadcrumb"},"inLanguage":"pl-PL","potentialAction":[{"@type":"ReadAction","target":["https:\/\/lokalni.pl\/blog\/rodo"]}]},{"@type":"BreadcrumbList","@id":"https:\/\/lokalni.pl\/blog\/rodo#breadcrumb","itemListElement":[{"@type":"ListItem","position":1,"name":"Blog","item":"https:\/\/lokalni.pl\/blog\/"},{"@type":"ListItem","position":2,"name":"RODO"}]},{"@type":"WebSite","@id":"https:\/\/lokalni.pl\/blog\/#website","url":"https:\/\/lokalni.pl\/blog\/","name":"Blog - artyku\u0142y i informacje internetowe i komunikacyjne z Polski i ze \u015bwiata - Lokalni.pl","description":"","publisher":{"@id":"https:\/\/lokalni.pl\/blog\/#organization"},"potentialAction":[{"@type":"SearchAction","target":{"@type":"EntryPoint","urlTemplate":"https:\/\/lokalni.pl\/blog\/?s={search_term_string}"},"query-input":{"@type":"PropertyValueSpecification","valueRequired":true,"valueName":"search_term_string"}}],"inLanguage":"pl-PL"},{"@type":"Organization","@id":"https:\/\/lokalni.pl\/blog\/#organization","name":"Blog - artyku\u0142y i informacje internetowe i komunikacyjne z Polski i ze \u015bwiata - Lokalni.pl","url":"https:\/\/lokalni.pl\/blog\/","logo":{"@type":"ImageObject","inLanguage":"pl-PL","@id":"https:\/\/lokalni.pl\/blog\/#\/schema\/logo\/image\/","url":"https:\/\/lokalni.pl\/blog\/wp-content\/uploads\/2024\/06\/Logo.png","contentUrl":"https:\/\/lokalni.pl\/blog\/wp-content\/uploads\/2024\/06\/Logo.png","width":172,"height":172,"caption":"Blog - artyku\u0142y i informacje internetowe i komunikacyjne z Polski i ze \u015bwiata - Lokalni.pl"},"image":{"@id":"https:\/\/lokalni.pl\/blog\/#\/schema\/logo\/image\/"},"sameAs":["https:\/\/www.facebook.com\/LokalniInternetPoLudzku","https:\/\/www.instagram.com\/lokalni_internet\/"]}]}},"_links":{"self":[{"href":"https:\/\/lokalni.pl\/blog\/wp-json\/wp\/v2\/pages\/196","targetHints":{"allow":["GET"]}}],"collection":[{"href":"https:\/\/lokalni.pl\/blog\/wp-json\/wp\/v2\/pages"}],"about":[{"href":"https:\/\/lokalni.pl\/blog\/wp-json\/wp\/v2\/types\/page"}],"author":[{"embeddable":true,"href":"https:\/\/lokalni.pl\/blog\/wp-json\/wp\/v2\/users\/1"}],"replies":[{"embeddable":true,"href":"https:\/\/lokalni.pl\/blog\/wp-json\/wp\/v2\/comments?post=196"}],"version-history":[{"count":3,"href":"https:\/\/lokalni.pl\/blog\/wp-json\/wp\/v2\/pages\/196\/revisions"}],"predecessor-version":[{"id":199,"href":"https:\/\/lokalni.pl\/blog\/wp-json\/wp\/v2\/pages\/196\/revisions\/199"}],"wp:attachment":[{"href":"https:\/\/lokalni.pl\/blog\/wp-json\/wp\/v2\/media?parent=196"}],"curies":[{"name":"wp","href":"https:\/\/api.w.org\/{rel}","templated":true}]}}