{"id":182,"date":"2024-10-27T18:12:55","date_gmt":"2024-10-27T18:12:55","guid":{"rendered":"https:\/\/lokalni.pl\/blog\/?page_id=182"},"modified":"2025-06-14T18:07:45","modified_gmt":"2025-06-14T18:07:45","slug":"kontakt","status":"publish","type":"page","link":"https:\/\/lokalni.pl\/blog\/kontakt","title":{"rendered":"Kontakt"},"content":{"rendered":"\n<div class=\"wp-block-columns is-layout-flex wp-container-core-columns-is-layout-9d6595d7 wp-block-columns-is-layout-flex\">\n<div class=\"wp-block-column is-layout-flow wp-block-column-is-layout-flow\">\n<p class=\"has-white-color has-text-color has-link-color has-medium-font-size wp-elements-9e2dfd178366fb81d4f9b320341bfd16\"><strong>Internet blisko Ciebie!&nbsp;<\/strong><\/p>\n\n\n\n<br\/>\n\n\n\n<p class=\"has-white-color has-text-color has-link-color has-medium-font-size wp-elements-498e50cdd5c33d468e4c2a2095ad550e\"><strong>Lokalni.pl<\/strong> to platforma, kt\u00f3ra \u0142\u0105czy lokalnych dostawc\u00f3w internetu, telewizji i telefonu bezpo\u015brednio z Tob\u0105. Mali i \u015bredni operatorzy telekomunikacyjni dzia\u0142aj\u0105 w Twoim najbli\u017cszym otoczeniu. Wspieraj\u0105 nie tylko Ciebie, ale r\u00f3wnie\u017c lokalne inicjatywy, kt\u00f3re maj\u0105 wp\u0142yw na najbli\u017csze nam spo\u0142eczno\u015bci.&nbsp;&nbsp;<\/p>\n\n\n\n<br\/>\n\n\n\n<p class=\"has-white-color has-text-color has-link-color has-medium-font-size wp-elements-158d6f270be73d34ec316bc7170355ef\">Lokalni doskonale znaj\u0105 teren, na kt\u00f3rym dzia\u0142aj\u0105, dzi\u0119ki temu dostarczaj\u0105 szybki i niezawodny internet, jednocze\u015bnie dbaj\u0105c o blisk\u0105 relacj\u0119 z Klientem. Tu zawsze mo\u017cesz liczy\u0107 na kontakt z prawdziwym cz\u0142owiekiem. Lokalni stawiaj\u0105 na ludzk\u0105 twarz technologii.&nbsp;<\/p>\n\n\n\n<br\/>\n\n\n\n<p class=\"has-white-color has-text-color has-link-color has-medium-font-size wp-elements-ed95717338796fb560f893b88f2b0ca8\">Wierzymy w si\u0142\u0119 spo\u0142eczno\u015bci i to, \u017ce Internet mo\u017ce by\u0107 czym\u015b wi\u0119cej ni\u017c tylko narz\u0119dziem \u2013 u nas to internet po ludzku.<\/p>\n\n\n\n<br\/>\n\n\n\n<p class=\"has-white-color has-text-color has-link-color has-medium-font-size wp-elements-203d804fc0cc471bd74b7c59203489cd\">Wierzymy w si\u0142\u0119 kontaktu, dlatego udost\u0119pniamy poni\u017cszy formularz.&nbsp;<\/p>\n\n\n\n<br\/>\n\n\n\n<p class=\"has-white-color has-text-color has-link-color has-medium-font-size wp-elements-3a8f95303f96720d3afd80b9be949b07\">Zwracamy jednak uwag\u0119 na to, \u017ce najlepszy jest bezpo\u015bredni kontakt z operatorem, kt\u00f3rego znajdziesz w zak\u0142adce \u201cO nas\u201d.&nbsp;<\/p>\n<\/div>\n\n\n\n<div class=\"wp-block-column is-layout-flow wp-block-column-is-layout-flow\">\n<div class=\"wpcf7 no-js\" id=\"wpcf7-f200-o1\" lang=\"pl-PL\" dir=\"ltr\" data-wpcf7-id=\"200\">\n<div class=\"screen-reader-response\"><p role=\"status\" aria-live=\"polite\" aria-atomic=\"true\"><\/p> <ul><\/ul><\/div>\n<form action=\"\/blog\/wp-json\/wp\/v2\/pages\/182#wpcf7-f200-o1\" method=\"post\" class=\"wpcf7-form init\" aria-label=\"Formularz kontaktowy\" novalidate=\"novalidate\" data-status=\"init\">\n<fieldset class=\"hidden-fields-container\"><input type=\"hidden\" name=\"_wpcf7\" value=\"200\" \/><input type=\"hidden\" name=\"_wpcf7_version\" value=\"6.1.5\" \/><input type=\"hidden\" name=\"_wpcf7_locale\" value=\"pl_PL\" \/><input type=\"hidden\" name=\"_wpcf7_unit_tag\" value=\"wpcf7-f200-o1\" \/><input type=\"hidden\" name=\"_wpcf7_container_post\" value=\"0\" \/><input type=\"hidden\" name=\"_wpcf7_posted_data_hash\" value=\"\" \/>\n<\/fieldset>\n<div class=\"form-row\">\n\t<div class=\"form-col\">\n\t\t<p><label>Imi\u0119 i nazwisko*<br \/>\n<span class=\"wpcf7-form-control-wrap\" data-name=\"your-name\"><input size=\"40\" maxlength=\"400\" class=\"wpcf7-form-control wpcf7-text wpcf7-validates-as-required\" autocomplete=\"name\" aria-required=\"true\" aria-invalid=\"false\" value=\"\" type=\"text\" name=\"your-name\" \/><\/span><br \/>\n<\/label>\n\t\t<\/p>\n\t<\/div>\n\t<div class=\"form-col\">\n\t\t<p><label>Email*<br \/>\n<span class=\"wpcf7-form-control-wrap\" data-name=\"your-email\"><input size=\"40\" maxlength=\"400\" class=\"wpcf7-form-control wpcf7-email wpcf7-validates-as-required wpcf7-text wpcf7-validates-as-email\" autocomplete=\"email\" aria-required=\"true\" aria-invalid=\"false\" value=\"\" type=\"email\" name=\"your-email\" \/><\/span><br \/>\n<\/label>\n\t\t<\/p>\n\t<\/div>\n<\/div>\n<div class=\"form-row\">\n\t<div class=\"form-col\">\n\t\t<p><label>Telefon<br \/>\n<span class=\"wpcf7-form-control-wrap\" data-name=\"tel-183\"><input size=\"40\" maxlength=\"400\" class=\"wpcf7-form-control wpcf7-tel wpcf7-text wpcf7-validates-as-tel\" aria-invalid=\"false\" value=\"\" type=\"tel\" name=\"tel-183\" \/><\/span><br \/>\n<\/label>\n\t\t<\/p>\n\t<\/div>\n\t<div class=\"form-col\">\n\t\t<p><label>Nazwa firmy<br \/>\n<span class=\"wpcf7-form-control-wrap\" data-name=\"company-name\"><input size=\"40\" maxlength=\"400\" class=\"wpcf7-form-control wpcf7-text\" aria-invalid=\"false\" value=\"\" type=\"text\" name=\"company-name\" \/><\/span><br \/>\n<\/label>\n\t\t<\/p>\n\t<\/div>\n<\/div>\n<div class=\"form-row\">\n\t<div class=\"form-col\">\n\t\t<p><label>NIP<br \/>\n<span class=\"wpcf7-form-control-wrap\" data-name=\"nip\"><input size=\"40\" maxlength=\"400\" class=\"wpcf7-form-control wpcf7-text\" aria-invalid=\"false\" value=\"\" type=\"text\" name=\"nip\" \/><\/span><br \/>\n<\/label>\n\t\t<\/p>\n\t<\/div>\n\t<div class=\"form-col\">\n\t\t<p><label>Adres*<br \/>\n<span class=\"wpcf7-form-control-wrap\" data-name=\"address\"><input size=\"40\" maxlength=\"400\" class=\"wpcf7-form-control wpcf7-text wpcf7-validates-as-required\" aria-required=\"true\" aria-invalid=\"false\" value=\"\" type=\"text\" name=\"address\" \/><\/span><br \/>\n<\/label>\n\t\t<\/p>\n\t<\/div>\n<\/div>\n<div class=\"form-row\">\n\t<div class=\"form-col\">\n\t\t<p><label>Tytu\u0142 wiadomo\u015bci*<br \/>\n<span class=\"wpcf7-form-control-wrap\" data-name=\"your-subject\"><input size=\"40\" maxlength=\"400\" class=\"wpcf7-form-control wpcf7-text wpcf7-validates-as-required\" aria-required=\"true\" aria-invalid=\"false\" value=\"\" type=\"text\" name=\"your-subject\" \/><\/span><br \/>\n<\/label>\n\t\t<\/p>\n\t<\/div>\n<\/div>\n<div class=\"form-row\">\n\t<div class=\"form-col\">\n\t\t<p><label>Tre\u015b\u0107*<br \/>\n<span class=\"wpcf7-form-control-wrap\" data-name=\"your-message\"><textarea cols=\"40\" rows=\"5\" maxlength=\"2000\" class=\"wpcf7-form-control wpcf7-textarea wpcf7-validates-as-required\" aria-required=\"true\" aria-invalid=\"false\" name=\"your-message\"><\/textarea><\/span><br \/>\n<\/label>\n\t\t<\/p>\n\t<\/div>\n<\/div>\n<div class=\"form-row\">\n\t<p><a href=\"\/blog\/rodo\" target=\"_blank\" class=\"rodo-link\"><br \/>\nINFORMACJA DOT. PRZETWARZANIA DANYCH OSOBOWYCH OBOWI\u0104ZEK INFORMACYJNY<br \/>\n<\/a>\n\t<\/p>\n\t<p class=\"rodo-check\"><br \/>\n<span class=\"wpcf7-form-control-wrap\" data-name=\"zgoda-1\"><span class=\"wpcf7-form-control wpcf7-checkbox wpcf7-validates-as-required\"><span class=\"wpcf7-list-item first last\"><label><input type=\"checkbox\" name=\"zgoda-1[]\" value=\"1.* Wyra\u017cam zgod\u0119 na przetwarzanie moich danych osobowych podanych w formularzu w celu rozpatrzenia mojego zg\u0142oszenia.\" \/><span class=\"wpcf7-list-item-label\">1.* Wyra\u017cam zgod\u0119 na przetwarzanie moich danych osobowych podanych w formularzu w celu rozpatrzenia mojego zg\u0142oszenia.<\/span><\/label><\/span><\/span><\/span>\n\t<\/p>\n\t<p class=\"rodo-check\"><br \/>\n<span class=\"wpcf7-form-control-wrap\" data-name=\"zgoda-2\"><span class=\"wpcf7-form-control wpcf7-checkbox wpcf7-validates-as-required\"><span class=\"wpcf7-list-item first last\"><label><input type=\"checkbox\" name=\"zgoda-2[]\" value=\"2.* Wyra\u017cam zgod\u0119 na udost\u0119pnienie moich danych lokalnym operatorom telekomunikacyjnym, przygotowanie przez nich oferty dla mnie i kontakt ze mn\u0105. O\u015bwiadczam, \u017ce znam Regulamin korzystania z Us\u0142ug Portalu Lokalni.pl, w tym zasady przetwarzania danych osobowych opublikowane w Polityce prywatno\u015bci, akceptuj\u0119 ich tre\u015b\u0107 i przyjmuj\u0119 do stosowania.\" \/><span class=\"wpcf7-list-item-label\">2.* Wyra\u017cam zgod\u0119 na udost\u0119pnienie moich danych lokalnym operatorom telekomunikacyjnym, przygotowanie przez nich oferty dla mnie i kontakt ze mn\u0105. O\u015bwiadczam, \u017ce znam Regulamin korzystania z Us\u0142ug Portalu Lokalni.pl, w tym zasady przetwarzania danych osobowych opublikowane w Polityce prywatno\u015bci, akceptuj\u0119 ich tre\u015b\u0107 i przyjmuj\u0119 do stosowania.<\/span><\/label><\/span><\/span><\/span>\n\t<\/p>\n\t<p class=\"rodo-check\"><br \/>\n<span class=\"wpcf7-form-control-wrap\" data-name=\"zgoda-3\"><span class=\"wpcf7-form-control wpcf7-checkbox\"><span class=\"wpcf7-list-item first last\"><label><input type=\"checkbox\" name=\"zgoda-3[]\" value=\"3. Wyra\u017cam zgod\u0119 na otrzymywanie informacji handlowych od lokalnych operator\u00f3w telekomunikacyjnych w celu marketingu bezpo\u015bredniego.\" \/><span class=\"wpcf7-list-item-label\">3. Wyra\u017cam zgod\u0119 na otrzymywanie informacji handlowych od lokalnych operator\u00f3w telekomunikacyjnych w celu marketingu bezpo\u015bredniego.<\/span><\/label><\/span><\/span><\/span>\n\t<\/p>\n<\/div>\n<div class=\"form-row submit-row\">\n\t<p><input class=\"wpcf7-form-control wpcf7-submit has-spinner\" type=\"submit\" value=\"Wy\u015blij\" \/>\n\t<\/p>\n<\/div><div class=\"wpcf7-response-output\" aria-hidden=\"true\"><\/div>\n<\/form>\n<\/div>\n\n<\/div>\n<\/div>\n\n\n\n<p><\/p>\n","protected":false},"excerpt":{"rendered":"<p>Internet blisko Ciebie!&nbsp; Lokalni.pl to platforma, kt\u00f3ra \u0142\u0105czy lokalnych dostawc\u00f3w internetu, telewizji i telefonu bezpo\u015brednio z Tob\u0105. Mali i \u015bredni operatorzy telekomunikacyjni dzia\u0142aj\u0105 w Twoim najbli\u017cszym otoczeniu. Wspieraj\u0105 nie tylko Ciebie, ale r\u00f3wnie\u017c lokalne inicjatywy, kt\u00f3re maj\u0105 wp\u0142yw na najbli\u017csze nam spo\u0142eczno\u015bci.&nbsp;&nbsp; Lokalni doskonale znaj\u0105 teren, na kt\u00f3rym dzia\u0142aj\u0105, dzi\u0119ki temu dostarczaj\u0105 szybki i niezawodny [&hellip;]<\/p>\n","protected":false},"author":1,"featured_media":0,"parent":0,"menu_order":0,"comment_status":"closed","ping_status":"closed","template":"","meta":{"footnotes":""},"class_list":["post-182","page","type-page","status-publish","hentry"],"yoast_head":"<!-- This site is optimized with the Yoast SEO plugin v27.3 - https:\/\/yoast.com\/product\/yoast-seo-wordpress\/ -->\n<title>Kontakt - Blog - artyku\u0142y i informacje internetowe i komunikacyjne z Polski i ze \u015bwiata - Lokalni.pl<\/title>\n<meta name=\"robots\" content=\"index, follow, max-snippet:-1, max-image-preview:large, max-video-preview:-1\" \/>\n<link rel=\"canonical\" href=\"https:\/\/lokalni.pl\/blog\/kontakt\" \/>\n<meta property=\"og:locale\" content=\"pl_PL\" \/>\n<meta property=\"og:type\" content=\"article\" \/>\n<meta property=\"og:title\" content=\"Kontakt - Blog - artyku\u0142y i informacje internetowe i komunikacyjne z Polski i ze \u015bwiata - Lokalni.pl\" \/>\n<meta property=\"og:description\" content=\"Internet blisko Ciebie!&nbsp; Lokalni.pl to platforma, kt\u00f3ra \u0142\u0105czy lokalnych dostawc\u00f3w internetu, telewizji i telefonu bezpo\u015brednio z Tob\u0105. Mali i \u015bredni operatorzy telekomunikacyjni dzia\u0142aj\u0105 w Twoim najbli\u017cszym otoczeniu. Wspieraj\u0105 nie tylko Ciebie, ale r\u00f3wnie\u017c lokalne inicjatywy, kt\u00f3re maj\u0105 wp\u0142yw na najbli\u017csze nam spo\u0142eczno\u015bci.&nbsp;&nbsp; Lokalni doskonale znaj\u0105 teren, na kt\u00f3rym dzia\u0142aj\u0105, dzi\u0119ki temu dostarczaj\u0105 szybki i niezawodny [&hellip;]\" \/>\n<meta property=\"og:url\" content=\"https:\/\/lokalni.pl\/blog\/kontakt\" \/>\n<meta property=\"og:site_name\" content=\"Blog - artyku\u0142y i informacje internetowe i komunikacyjne z Polski i ze \u015bwiata - Lokalni.pl\" \/>\n<meta property=\"article:publisher\" content=\"https:\/\/www.facebook.com\/LokalniInternetPoLudzku\" \/>\n<meta property=\"article:modified_time\" content=\"2025-06-14T18:07:45+00:00\" \/>\n<meta name=\"twitter:card\" content=\"summary_large_image\" \/>\n<meta name=\"twitter:label1\" content=\"Szacowany czas czytania\" \/>\n\t<meta name=\"twitter:data1\" content=\"1 minuta\" \/>\n<script type=\"application\/ld+json\" class=\"yoast-schema-graph\">{\"@context\":\"https:\\\/\\\/schema.org\",\"@graph\":[{\"@type\":\"WebPage\",\"@id\":\"https:\\\/\\\/lokalni.pl\\\/blog\\\/kontakt\",\"url\":\"https:\\\/\\\/lokalni.pl\\\/blog\\\/kontakt\",\"name\":\"Kontakt - Blog - artyku\u0142y i informacje internetowe i komunikacyjne z Polski i ze \u015bwiata - Lokalni.pl\",\"isPartOf\":{\"@id\":\"https:\\\/\\\/lokalni.pl\\\/blog\\\/#website\"},\"datePublished\":\"2024-10-27T18:12:55+00:00\",\"dateModified\":\"2025-06-14T18:07:45+00:00\",\"breadcrumb\":{\"@id\":\"https:\\\/\\\/lokalni.pl\\\/blog\\\/kontakt#breadcrumb\"},\"inLanguage\":\"pl-PL\",\"potentialAction\":[{\"@type\":\"ReadAction\",\"target\":[\"https:\\\/\\\/lokalni.pl\\\/blog\\\/kontakt\"]}]},{\"@type\":\"BreadcrumbList\",\"@id\":\"https:\\\/\\\/lokalni.pl\\\/blog\\\/kontakt#breadcrumb\",\"itemListElement\":[{\"@type\":\"ListItem\",\"position\":1,\"name\":\"Blog\",\"item\":\"https:\\\/\\\/lokalni.pl\\\/blog\\\/\"},{\"@type\":\"ListItem\",\"position\":2,\"name\":\"Kontakt\"}]},{\"@type\":\"WebSite\",\"@id\":\"https:\\\/\\\/lokalni.pl\\\/blog\\\/#website\",\"url\":\"https:\\\/\\\/lokalni.pl\\\/blog\\\/\",\"name\":\"Blog - artyku\u0142y i informacje internetowe i komunikacyjne z Polski i ze \u015bwiata - Lokalni.pl\",\"description\":\"\",\"publisher\":{\"@id\":\"https:\\\/\\\/lokalni.pl\\\/blog\\\/#organization\"},\"potentialAction\":[{\"@type\":\"SearchAction\",\"target\":{\"@type\":\"EntryPoint\",\"urlTemplate\":\"https:\\\/\\\/lokalni.pl\\\/blog\\\/?s={search_term_string}\"},\"query-input\":{\"@type\":\"PropertyValueSpecification\",\"valueRequired\":true,\"valueName\":\"search_term_string\"}}],\"inLanguage\":\"pl-PL\"},{\"@type\":\"Organization\",\"@id\":\"https:\\\/\\\/lokalni.pl\\\/blog\\\/#organization\",\"name\":\"Blog - artyku\u0142y i informacje internetowe i komunikacyjne z Polski i ze \u015bwiata - Lokalni.pl\",\"url\":\"https:\\\/\\\/lokalni.pl\\\/blog\\\/\",\"logo\":{\"@type\":\"ImageObject\",\"inLanguage\":\"pl-PL\",\"@id\":\"https:\\\/\\\/lokalni.pl\\\/blog\\\/#\\\/schema\\\/logo\\\/image\\\/\",\"url\":\"https:\\\/\\\/lokalni.pl\\\/blog\\\/wp-content\\\/uploads\\\/2024\\\/06\\\/Logo.png\",\"contentUrl\":\"https:\\\/\\\/lokalni.pl\\\/blog\\\/wp-content\\\/uploads\\\/2024\\\/06\\\/Logo.png\",\"width\":172,\"height\":172,\"caption\":\"Blog - artyku\u0142y i informacje internetowe i komunikacyjne z Polski i ze \u015bwiata - Lokalni.pl\"},\"image\":{\"@id\":\"https:\\\/\\\/lokalni.pl\\\/blog\\\/#\\\/schema\\\/logo\\\/image\\\/\"},\"sameAs\":[\"https:\\\/\\\/www.facebook.com\\\/LokalniInternetPoLudzku\",\"https:\\\/\\\/www.instagram.com\\\/lokalni_internet\\\/\"]}]}<\/script>\n<!-- \/ Yoast SEO plugin. -->","yoast_head_json":{"title":"Kontakt - Blog - artyku\u0142y i informacje internetowe i komunikacyjne z Polski i ze \u015bwiata - Lokalni.pl","robots":{"index":"index","follow":"follow","max-snippet":"max-snippet:-1","max-image-preview":"max-image-preview:large","max-video-preview":"max-video-preview:-1"},"canonical":"https:\/\/lokalni.pl\/blog\/kontakt","og_locale":"pl_PL","og_type":"article","og_title":"Kontakt - Blog - artyku\u0142y i informacje internetowe i komunikacyjne z Polski i ze \u015bwiata - Lokalni.pl","og_description":"Internet blisko Ciebie!&nbsp; Lokalni.pl to platforma, kt\u00f3ra \u0142\u0105czy lokalnych dostawc\u00f3w internetu, telewizji i telefonu bezpo\u015brednio z Tob\u0105. Mali i \u015bredni operatorzy telekomunikacyjni dzia\u0142aj\u0105 w Twoim najbli\u017cszym otoczeniu. Wspieraj\u0105 nie tylko Ciebie, ale r\u00f3wnie\u017c lokalne inicjatywy, kt\u00f3re maj\u0105 wp\u0142yw na najbli\u017csze nam spo\u0142eczno\u015bci.&nbsp;&nbsp; Lokalni doskonale znaj\u0105 teren, na kt\u00f3rym dzia\u0142aj\u0105, dzi\u0119ki temu dostarczaj\u0105 szybki i niezawodny [&hellip;]","og_url":"https:\/\/lokalni.pl\/blog\/kontakt","og_site_name":"Blog - artyku\u0142y i informacje internetowe i komunikacyjne z Polski i ze \u015bwiata - Lokalni.pl","article_publisher":"https:\/\/www.facebook.com\/LokalniInternetPoLudzku","article_modified_time":"2025-06-14T18:07:45+00:00","twitter_card":"summary_large_image","twitter_misc":{"Szacowany czas czytania":"1 minuta"},"schema":{"@context":"https:\/\/schema.org","@graph":[{"@type":"WebPage","@id":"https:\/\/lokalni.pl\/blog\/kontakt","url":"https:\/\/lokalni.pl\/blog\/kontakt","name":"Kontakt - Blog - artyku\u0142y i informacje internetowe i komunikacyjne z Polski i ze \u015bwiata - Lokalni.pl","isPartOf":{"@id":"https:\/\/lokalni.pl\/blog\/#website"},"datePublished":"2024-10-27T18:12:55+00:00","dateModified":"2025-06-14T18:07:45+00:00","breadcrumb":{"@id":"https:\/\/lokalni.pl\/blog\/kontakt#breadcrumb"},"inLanguage":"pl-PL","potentialAction":[{"@type":"ReadAction","target":["https:\/\/lokalni.pl\/blog\/kontakt"]}]},{"@type":"BreadcrumbList","@id":"https:\/\/lokalni.pl\/blog\/kontakt#breadcrumb","itemListElement":[{"@type":"ListItem","position":1,"name":"Blog","item":"https:\/\/lokalni.pl\/blog\/"},{"@type":"ListItem","position":2,"name":"Kontakt"}]},{"@type":"WebSite","@id":"https:\/\/lokalni.pl\/blog\/#website","url":"https:\/\/lokalni.pl\/blog\/","name":"Blog - artyku\u0142y i informacje internetowe i komunikacyjne z Polski i ze \u015bwiata - Lokalni.pl","description":"","publisher":{"@id":"https:\/\/lokalni.pl\/blog\/#organization"},"potentialAction":[{"@type":"SearchAction","target":{"@type":"EntryPoint","urlTemplate":"https:\/\/lokalni.pl\/blog\/?s={search_term_string}"},"query-input":{"@type":"PropertyValueSpecification","valueRequired":true,"valueName":"search_term_string"}}],"inLanguage":"pl-PL"},{"@type":"Organization","@id":"https:\/\/lokalni.pl\/blog\/#organization","name":"Blog - artyku\u0142y i informacje internetowe i komunikacyjne z Polski i ze \u015bwiata - Lokalni.pl","url":"https:\/\/lokalni.pl\/blog\/","logo":{"@type":"ImageObject","inLanguage":"pl-PL","@id":"https:\/\/lokalni.pl\/blog\/#\/schema\/logo\/image\/","url":"https:\/\/lokalni.pl\/blog\/wp-content\/uploads\/2024\/06\/Logo.png","contentUrl":"https:\/\/lokalni.pl\/blog\/wp-content\/uploads\/2024\/06\/Logo.png","width":172,"height":172,"caption":"Blog - artyku\u0142y i informacje internetowe i komunikacyjne z Polski i ze \u015bwiata - Lokalni.pl"},"image":{"@id":"https:\/\/lokalni.pl\/blog\/#\/schema\/logo\/image\/"},"sameAs":["https:\/\/www.facebook.com\/LokalniInternetPoLudzku","https:\/\/www.instagram.com\/lokalni_internet\/"]}]}},"_links":{"self":[{"href":"https:\/\/lokalni.pl\/blog\/wp-json\/wp\/v2\/pages\/182","targetHints":{"allow":["GET"]}}],"collection":[{"href":"https:\/\/lokalni.pl\/blog\/wp-json\/wp\/v2\/pages"}],"about":[{"href":"https:\/\/lokalni.pl\/blog\/wp-json\/wp\/v2\/types\/page"}],"author":[{"embeddable":true,"href":"https:\/\/lokalni.pl\/blog\/wp-json\/wp\/v2\/users\/1"}],"replies":[{"embeddable":true,"href":"https:\/\/lokalni.pl\/blog\/wp-json\/wp\/v2\/comments?post=182"}],"version-history":[{"count":19,"href":"https:\/\/lokalni.pl\/blog\/wp-json\/wp\/v2\/pages\/182\/revisions"}],"predecessor-version":[{"id":327,"href":"https:\/\/lokalni.pl\/blog\/wp-json\/wp\/v2\/pages\/182\/revisions\/327"}],"wp:attachment":[{"href":"https:\/\/lokalni.pl\/blog\/wp-json\/wp\/v2\/media?parent=182"}],"curies":[{"name":"wp","href":"https:\/\/api.w.org\/{rel}","templated":true}]}}